{"id":12,"date":"2021-03-31T15:47:52","date_gmt":"2021-03-31T13:47:52","guid":{"rendered":"https:\/\/www.psychotherapie-parisbastille.fr\/?page_id=12"},"modified":"2024-03-04T17:57:14","modified_gmt":"2024-03-04T16:57:14","slug":"home","status":"publish","type":"page","link":"https:\/\/www.psychotherapie-parisbastille.fr\/","title":{"rendered":"Home"},"content":{"rendered":"\n<div class=\"wp-block-cover alignfull\" style=\"min-height:700px\"><img loading=\"lazy\" width=\"2560\" height=\"1278\" class=\"wp-block-cover__image-background wp-image-51\" alt=\"\" src=\"https:\/\/www.psychotherapie-parisbastille.fr\/wp-content\/uploads\/2021\/03\/cabinet_psychotherapie_ACP_parisbastille-scaled.jpg\" style=\"object-position:50% 64%\" data-object-fit=\"cover\" data-object-position=\"50% 64%\" srcset=\"https:\/\/www.psychotherapie-parisbastille.fr\/wp-content\/uploads\/2021\/03\/cabinet_psychotherapie_ACP_parisbastille-scaled.jpg 2560w, https:\/\/www.psychotherapie-parisbastille.fr\/wp-content\/uploads\/2021\/03\/cabinet_psychotherapie_ACP_parisbastille-300x150.jpg 300w, https:\/\/www.psychotherapie-parisbastille.fr\/wp-content\/uploads\/2021\/03\/cabinet_psychotherapie_ACP_parisbastille-1024x511.jpg 1024w, https:\/\/www.psychotherapie-parisbastille.fr\/wp-content\/uploads\/2021\/03\/cabinet_psychotherapie_ACP_parisbastille-768x383.jpg 768w, https:\/\/www.psychotherapie-parisbastille.fr\/wp-content\/uploads\/2021\/03\/cabinet_psychotherapie_ACP_parisbastille-1536x767.jpg 1536w, https:\/\/www.psychotherapie-parisbastille.fr\/wp-content\/uploads\/2021\/03\/cabinet_psychotherapie_ACP_parisbastille-2048x1022.jpg 2048w\" sizes=\"(max-width: 2560px) 100vw, 2560px\" \/><div class=\"wp-block-cover__inner-container\">\n<div style=\"height:33px\" aria-hidden=\"true\" class=\"wp-block-spacer\"><\/div>\n\n\n\n<h1 class=\"has-text-align-center has-text-color\" style=\"color:#121212\"><span class=\"has-inline-color has-neve-link-color-color\">Cabinet de psychoth\u00e9rapie<\/span><\/h1>\n\n\n\n<p class=\"has-text-align-center has-text-color\" style=\"color:#121212;font-size:17px\"><strong><span class=\"has-inline-color has-neve-link-color-color\">Psychoth\u00e9rapie exp\u00e9riencielle en Approche centr\u00e9e sur la personne, selon la voie de Carl Rogers<\/span><\/strong><\/p>\n\n\n\n<div style=\"height:165px\" aria-hidden=\"true\" class=\"wp-block-spacer\"><\/div>\n\n\n\n<div class=\"wp-block-buttons is-content-justification-center\">\n<div class=\"wp-block-button is-style-default\"><a class=\"wp-block-button__link has-neve-link-hover-color-background-color has-background\" href=\"https:\/\/www.psychotherapie-parisbastille.fr\/index.php\/home\/contact\/\">PRENDRE RENDEZ-VOUS<\/a><\/div>\n<\/div>\n\n\n\n<div style=\"height:17px\" aria-hidden=\"true\" class=\"wp-block-spacer\"><\/div>\n<\/div><\/div>\n\n\n\n<blockquote class=\"wp-block-quote has-text-align-center\"><p><strong>Florence GIOVANETTI, psychopraticienne ACP \u2013 06 08 77 52 31<\/strong><\/p><\/blockquote>\n\n\n\n<div class=\"wp-block-columns\">\n<div class=\"wp-block-column is-vertically-aligned-top\">\n<div class=\"wp-block-image icon-style is-style-default\"><figure class=\"aligncenter size-large is-resized\"><img loading=\"lazy\" src=\"https:\/\/www.psychotherapie-parisbastille.fr\/wp-content\/uploads\/2021\/03\/difficultes_personnelles.png\" alt=\"psychoth\u00e9rapie ACP difficult\u00e9s personnelles - florence giovanetti \" class=\"wp-image-56\" width=\"127\" height=\"112\"\/><\/figure><\/div>\n\n\n\n<h3 class=\"has-text-align-center has-neve-text-color-color has-text-color\">Difficult\u00e9s personnelles<\/h3>\n\n\n\n<p class=\"has-text-align-center\">\u2022 Besoin de l\u00e2cher prise,<br>\u2022 Hypersensibilit\u00e9,\u00a0<br>\u2022 Inconfort professionnel,<br>\u2022 Recherche de sens<\/p>\n\n\n\n<div style=\"height:20px\" aria-hidden=\"true\" class=\"wp-block-spacer\"><\/div>\n<\/div>\n\n\n\n<div class=\"wp-block-column is-vertically-aligned-top\">\n<div class=\"wp-block-image icon-style is-style-default\"><figure class=\"aligncenter size-large is-resized\"><img loading=\"lazy\" src=\"https:\/\/www.psychotherapie-parisbastille.fr\/wp-content\/uploads\/2021\/03\/manque_de_confiance_en_soi.png\" alt=\"psychoth\u00e9rapie ACP manque de confiance en soi - florence giovanetti \" class=\"wp-image-58\" width=\"125\" height=\"120\"\/><\/figure><\/div>\n\n\n\n<h3 class=\"has-text-align-center has-neve-text-color-color has-text-color\">Manque de confiance en soi<\/h3>\n\n\n\n<p class=\"has-text-align-center\">\u2022 Angoisses,\u00a0<br>\u2022 Difficult\u00e9s relationnelles,<br>\u2022 Peur du changement,<br>\u2022 Troubles \u00e9motionnels<\/p>\n\n\n\n<div style=\"height:20px\" aria-hidden=\"true\" class=\"wp-block-spacer\"><\/div>\n<\/div>\n\n\n\n<div class=\"wp-block-column is-vertically-aligned-top\">\n<div class=\"wp-block-image icon-style is-style-rounded\"><figure class=\"aligncenter size-large is-resized\"><img loading=\"lazy\" src=\"https:\/\/www.psychotherapie-parisbastille.fr\/wp-content\/uploads\/2021\/03\/epreuves_de_la_vie.png\" alt=\"psychoth\u00e9rapie ACP \u00e9preuves de la vie - florence giovanetti \" class=\"wp-image-57\" width=\"118\" height=\"117\"\/><\/figure><\/div>\n\n\n\n<h3 class=\"has-text-align-center has-neve-text-color-color has-text-color\">Epreuves de la vie<\/h3>\n\n\n\n<p class=\"has-text-align-center\">\u2022 D\u00e9pression,<br>\u2022 Maladie ou handicap,\u00a0<br>\u2022 Perte d\u2019un proche,<br>\u2022 Rupture<\/p>\n\n\n\n<div style=\"height:20px\" aria-hidden=\"true\" class=\"wp-block-spacer\"><\/div>\n<\/div>\n<\/div>\n\n\n\n<div class=\"wp-block-cover alignfull has-nv-dark-bg-background-color has-background-dim\" style=\"min-height:300px\"><div class=\"wp-block-cover__inner-container\">\n<div style=\"height:35px\" aria-hidden=\"true\" class=\"wp-block-spacer\"><\/div>\n\n\n\n<h2 class=\"has-text-align-left has-neve-link-hover-color-color has-text-color\">Pourquoi consulter<span class=\"has-inline-color has-neve-link-hover-color-color\">  ?<\/span><\/h2>\n\n\n\n<p><strong>La raison premi\u00e8re pourrait \u00eatre le ressenti d&rsquo;un mal-\u00eatre int\u00e9rieur<\/strong>, dont l&rsquo;inconfort est parfois renforc\u00e9 par des manifestations physiques : crises d&rsquo;angoisse, insomnies, cauchemars, douleurs, crises de larmes, troubles obsessionnels\u2026<\/p>\n\n\n\n<p>L&rsquo;origine de cette souffrance n&rsquo;est pas n\u00e9cessairement clairement identifi\u00e9e. Elle peut trouver sa source dans :<\/p>\n\n\n\n<p>\u2022 <strong>la travers\u00e9e d&rsquo;une \u00e9preuve<\/strong>&nbsp;personnelle ou professionnelle<br>\u2022&nbsp;<strong>un manque de confiance en vous<\/strong><br>\u2022 des angoisses ou du stress<br>\u2022 un sentiment d&rsquo;\u00e9chec r\u00e9current<br>\u2022 des difficult\u00e9s relationnelles ou \u00e0 communiquer<br>\u2022 un traumatisme<br>\u2022 une rupture amoureuse<\/p>\n\n\n\n<div style=\"height:31px\" aria-hidden=\"true\" class=\"wp-block-spacer\"><\/div>\n\n\n\n<p><strong>Vous pouvez aussi simplement consulter pour :<\/strong><\/p>\n\n\n\n<p>\u2022<strong> comprendre ce qui se joue dans vos relations avec vos proches<\/strong>&nbsp;<br>\u2022<strong> r\u00e9pondre au besoin de donner du sens<\/strong>&nbsp;\u00e0 votre quotidien et votre vie en g\u00e9n\u00e9ral<br>\u2022 <strong>la curiosit\u00e9 et l&rsquo;envie de mieux vous conna\u00eetre<\/strong><\/p>\n\n\n\n<div style=\"height:38px\" aria-hidden=\"true\" class=\"wp-block-spacer\"><\/div>\n<\/div><\/div>\n\n\n\n<div style=\"height:50px\" aria-hidden=\"true\" class=\"wp-block-spacer\"><\/div>\n\n\n\n<p>Psychopraticienne certifi\u00e9e FF2P et titulaire du CEP, je suis form\u00e9e \u00e0 l\u2019<strong>Approche Centr\u00e9e sur la Personne<\/strong>\u00a0(ACP), selon la voie de Carl Rogers, l\u2019un des p\u00e8res fondateurs de la psychologie humaniste. Cette approche repose sur deux postulats essentiels :\u00a0<br>\u2022\u00a0<strong>La personne,<\/strong>\u00a0comme tout organisme vivant,\u00a0<strong>tend naturellement \u00e0 se d\u00e9velopper et \u00e0 s\u2019\u00e9panouir<\/strong>\u00a0et ce, malgr\u00e9 les entraves de la vie.\u00a0<br>\u2022\u00a0<strong>Tout \u00eatre humain est fondamentalement un organisme digne de confiance<\/strong>, capable de se comprendre et de se transformer de mani\u00e8re positive.\u00a0<br>Je propose un espace de confiance et de s\u00e9curit\u00e9 dans lequel vous allez pouvoir explorer votre fonctionnement, votre relation \u00e0 vous-m\u00eame et aux autres.\u00a0<br>Ensemble, dans la relation th\u00e9rapeutique, nous prendrons le plus grand soin de ce qui demande de l\u2019attention chez vous. Notre objectif sera que vous puissiez :\u00a0<br>\u2013 vous appuyer sur vos exp\u00e9riences et ne plus en \u00eatre encombr\u00e9,<br>\u2013 (re)conqu\u00e9rir votre libre-arbitre,<br>\u2013 vous adapter aux situations et non les subir,\u00a0<br>\u2013 mieux vous conna\u00eetre et (re)prendre confiance en vous,\u00a0<br>afin de\u00a0<strong>retrouver votre capacit\u00e9 \u00e0 \u00e9voluer, vous d\u00e9velopper, id\u00e9alement vous \u00e9panouir au mieux de votre potentiel.<\/strong><\/p>\n\n\n\n<div style=\"height:26px\" aria-hidden=\"true\" class=\"wp-block-spacer\"><\/div>\n\n\n\n<div class=\"wp-block-buttons is-content-justification-center\">\n<div class=\"wp-block-button\"><a class=\"wp-block-button__link has-neve-link-hover-color-background-color has-background\" href=\"https:\/\/www.psychotherapie-parisbastille.fr\/index.php\/qui-suis-je\/\">qui suis-je ?<\/a><\/div>\n<\/div>\n\n\n\n<div style=\"height:25px\" aria-hidden=\"true\" class=\"wp-block-spacer\"><\/div>\n\n\n\n<div class=\"wp-block-cover alignfull has-nv-light-bg-background-color has-background-dim\" style=\"min-height:300px\"><div class=\"wp-block-cover__inner-container\">\n<blockquote class=\"wp-block-quote has-text-align-center\"><p><em><span class=\"has-inline-color has-neve-link-color-color\">\u00ab L\u2019individu poss\u00e8de en lui-m\u00eame des ressources consid\u00e9rables pour se comprendre, se percevoir diff\u00e9remment, changer ses attitudes fondamentales et son comportement vis-\u00e0-vis de lui-m\u00eame. Mais seul un climat bien d\u00e9finissable, fait d\u2019attitudes psychologiques facilitatrices, peut lui permettre d\u2019acc\u00e9der \u00e0 ses ressources. \u00bb<\/span><\/em>&nbsp;<\/p><cite>CARL ROGERS<\/cite><\/blockquote>\n<\/div><\/div>\n\n\n\n<div style=\"height:59px\" aria-hidden=\"true\" class=\"wp-block-spacer\"><\/div>\n\n\n\n<div class=\"wp-block-buttons is-content-justification-center\">\n<div class=\"wp-block-button\"><a class=\"wp-block-button__link has-neve-link-color-background-color has-background\" href=\"https:\/\/www.psychotherapie-parisbastille.fr\/index.php\/lapproche\/\">d\u00e9couvrir l&rsquo;approche centr\u00e9e sur la personne<\/a><\/div>\n<\/div>\n","protected":false},"excerpt":{"rendered":"<p>Florence GIOVANETTI, psychopraticienne ACP \u2013 06 08 77 52 31 Difficult\u00e9s personnelles \u2022 Besoin de l\u00e2cher prise,\u2022 Hypersensibilit\u00e9,\u00a0\u2022 Inconfort professionnel,\u2022 Recherche de sens Manque de confiance en soi \u2022 Angoisses,\u00a0\u2022 Difficult\u00e9s relationnelles,\u2022 Peur du changement,\u2022 Troubles \u00e9motionnels Epreuves de la vie \u2022 D\u00e9pression,\u2022 Maladie ou handicap,\u00a0\u2022 Perte d\u2019un proche,\u2022 Rupture Psychopraticienne certifi\u00e9e FF2P et titulaire&hellip;&nbsp;<a href=\"https:\/\/www.psychotherapie-parisbastille.fr\/\" class=\"\" rel=\"bookmark\">Lire la suite &raquo;<span class=\"screen-reader-text\">Home<\/span><\/a><\/p>\n","protected":false},"author":1,"featured_media":0,"parent":0,"menu_order":0,"comment_status":"closed","ping_status":"closed","template":"","meta":{"neve_meta_sidebar":"full-width","neve_meta_container":"","neve_meta_enable_content_width":"on","neve_meta_content_width":100,"neve_meta_title_alignment":"","neve_meta_author_avatar":"","neve_post_elements_order":"","neve_meta_disable_header":"","neve_meta_disable_footer":"","neve_meta_disable_title":"on"},"_links":{"self":[{"href":"https:\/\/www.psychotherapie-parisbastille.fr\/index.php\/wp-json\/wp\/v2\/pages\/12"}],"collection":[{"href":"https:\/\/www.psychotherapie-parisbastille.fr\/index.php\/wp-json\/wp\/v2\/pages"}],"about":[{"href":"https:\/\/www.psychotherapie-parisbastille.fr\/index.php\/wp-json\/wp\/v2\/types\/page"}],"author":[{"embeddable":true,"href":"https:\/\/www.psychotherapie-parisbastille.fr\/index.php\/wp-json\/wp\/v2\/users\/1"}],"replies":[{"embeddable":true,"href":"https:\/\/www.psychotherapie-parisbastille.fr\/index.php\/wp-json\/wp\/v2\/comments?post=12"}],"version-history":[{"count":47,"href":"https:\/\/www.psychotherapie-parisbastille.fr\/index.php\/wp-json\/wp\/v2\/pages\/12\/revisions"}],"predecessor-version":[{"id":226,"href":"https:\/\/www.psychotherapie-parisbastille.fr\/index.php\/wp-json\/wp\/v2\/pages\/12\/revisions\/226"}],"wp:attachment":[{"href":"https:\/\/www.psychotherapie-parisbastille.fr\/index.php\/wp-json\/wp\/v2\/media?parent=12"}],"curies":[{"name":"wp","href":"https:\/\/api.w.org\/{rel}","templated":true}]}}